{"id":3440,"date":"2022-12-13T11:33:38","date_gmt":"2022-12-13T10:33:38","guid":{"rendered":"https:\/\/focus93.ch\/contact\/mentions-legales\/"},"modified":"2025-05-06T12:39:36","modified_gmt":"2025-05-06T10:39:36","slug":"mentions-legales","status":"publish","type":"page","link":"https:\/\/focus93.ch\/fr\/contact\/mentions-legales\/","title":{"rendered":"Mentions l\u00e9gales"},"content":{"rendered":"\t\t<div data-elementor-type=\"wp-page\" data-elementor-id=\"3440\" class=\"elementor elementor-3440 elementor-1210\" data-elementor-post-type=\"page\">\n\t\t\t\t<div class=\"elementor-element elementor-element-6343f6a e-flex e-con-boxed e-con e-parent\" data-id=\"6343f6a\" data-element_type=\"container\" data-e-type=\"container\">\n\t\t\t\t\t<div class=\"e-con-inner\">\n\t\t\t\t<div class=\"elementor-element elementor-element-5e7a95e elementor-widget elementor-widget-heading\" data-id=\"5e7a95e\" data-element_type=\"widget\" data-e-type=\"widget\" data-widget_type=\"heading.default\">\n\t\t\t\t<div class=\"elementor-widget-container\">\n\t\t\t\t\t<h2 class=\"elementor-heading-title elementor-size-default\">Mentions l\u00e9gales<\/h2>\t\t\t\t<\/div>\n\t\t\t\t<\/div>\n\t\t\t\t<div class=\"elementor-element elementor-element-41b2dad elementor-widget elementor-widget-spacer\" data-id=\"41b2dad\" data-element_type=\"widget\" data-e-type=\"widget\" data-widget_type=\"spacer.default\">\n\t\t\t\t<div class=\"elementor-widget-container\">\n\t\t\t\t\t\t\t<div class=\"elementor-spacer\">\n\t\t\t<div class=\"elementor-spacer-inner\"><\/div>\n\t\t<\/div>\n\t\t\t\t\t\t<\/div>\n\t\t\t\t<\/div>\n\t\t\t\t<div class=\"elementor-element elementor-element-dd8d6bc elementor-widget elementor-widget-text-editor\" data-id=\"dd8d6bc\" data-element_type=\"widget\" data-e-type=\"widget\" data-widget_type=\"text-editor.default\">\n\t\t\t\t<div class=\"elementor-widget-container\">\n\t\t\t\t\t\t\t\t\t<h5>Informations selon \u00a7 5 TMG<\/h5><p>Focus 93 GmbH<br>Neudorfstrasse 91<br>CH-4056 Basel<br>+41 61 639 91 80<br>info@focus93.ch<\/p><p>Registre du commerce:<br>Kanton Basel Stadt<\/p><h5>Contact<\/h5><p>Tel: +41 61 639 91 80 70<br>E-Mail: info@focus93.ch<\/p><h5>Num\u00e9ro de TVA<\/h5><p>Num\u00e9ro d&rsquo;identification sur l&rsquo;imp\u00f4t sur le chiffre d&rsquo;affaires conform\u00e9ment \u00e0 l&rsquo;article 27 a de la loi sur le chiffre d&rsquo;affaires :<br>CHE-106.097.903<\/p><h5>Responsable du contenu selon \u00a7 55 (2) RStV <\/h5><p>Andre Nellissen<br>Neudorfstrasse 91<br>CH-4056 Basel<\/p><h5>R\u00e9solution des litiges dans l&rsquo;UE<\/h5><p>La Commission europ\u00e9enne met \u00e0 disposition une plateforme de r\u00e8glement en ligne des litiges (RLL) : https:\/\/ec.europa.eu\/consumers\/odr.<br>Vous trouverez notre adresse e-mail en haut de la page des mentions l\u00e9gales.<\/p><h5>R\u00e8glement des litiges de consommation\/organe universel de conciliation<\/h5><p>Nous ne sommes pas pr\u00eats ou oblig\u00e9s de participer \u00e0 des proc\u00e9dures de r\u00e8glement des litiges devant un organisme de conciliation des consommateurs.<\/p>\t\t\t\t\t\t\t\t<\/div>\n\t\t\t\t<\/div>\n\t\t\t\t<div class=\"elementor-element elementor-element-d89bc39 elementor-widget elementor-widget-spacer\" data-id=\"d89bc39\" data-element_type=\"widget\" data-e-type=\"widget\" data-widget_type=\"spacer.default\">\n\t\t\t\t<div class=\"elementor-widget-container\">\n\t\t\t\t\t\t\t<div class=\"elementor-spacer\">\n\t\t\t<div class=\"elementor-spacer-inner\"><\/div>\n\t\t<\/div>\n\t\t\t\t\t\t<\/div>\n\t\t\t\t<\/div>\n\t\t\t\t\t<\/div>\n\t\t\t\t<\/div>\n\t\t\t\t<\/div>\n\t\t","protected":false},"excerpt":{"rendered":"<p>Mentions l\u00e9gales Informations selon \u00a7 5 TMG Focus 93 GmbHNeudorfstrasse 91CH-4056 Basel+41 61 639 91 80info@focus93.ch Registre du commerce:Kanton Basel Stadt Contact Tel: +41 61 639 91 80 70E-Mail: info@focus93.ch Num\u00e9ro de TVA Num\u00e9ro d&rsquo;identification sur l&rsquo;imp\u00f4t sur le chiffre d&rsquo;affaires conform\u00e9ment \u00e0 l&rsquo;article 27 a de la loi sur le chiffre d&rsquo;affaires :CHE-106.097.903 Responsable [&hellip;]<\/p>\n","protected":false},"author":2,"featured_media":0,"parent":3253,"menu_order":1,"comment_status":"closed","ping_status":"closed","template":"elementor_header_footer","meta":{"footnotes":""},"class_list":["post-3440","page","type-page","status-publish","hentry"],"yoast_head":"<!-- This site is optimized with the Yoast SEO plugin v27.4 - https:\/\/yoast.com\/product\/yoast-seo-wordpress\/ -->\n<title>Mentions l\u00e9gales - focus93<\/title>\n<meta name=\"robots\" content=\"index, follow, max-snippet:-1, max-image-preview:large, max-video-preview:-1\" \/>\n<link rel=\"canonical\" href=\"https:\/\/focus93.ch\/fr\/contact\/mentions-legales\/\" \/>\n<meta property=\"og:locale\" content=\"fr_FR\" \/>\n<meta property=\"og:type\" content=\"article\" \/>\n<meta property=\"og:title\" content=\"Mentions l\u00e9gales - focus93\" \/>\n<meta property=\"og:description\" content=\"Mentions l\u00e9gales Informations selon \u00a7 5 TMG Focus 93 GmbHNeudorfstrasse 91CH-4056 Basel+41 61 639 91 80info@focus93.ch Registre du commerce:Kanton Basel Stadt Contact Tel: +41 61 639 91 80 70E-Mail: info@focus93.ch Num\u00e9ro de TVA Num\u00e9ro d&rsquo;identification sur l&rsquo;imp\u00f4t sur le chiffre d&rsquo;affaires conform\u00e9ment \u00e0 l&rsquo;article 27 a de la loi sur le chiffre d&rsquo;affaires :CHE-106.097.903 Responsable [&hellip;]\" \/>\n<meta property=\"og:url\" content=\"https:\/\/focus93.ch\/fr\/contact\/mentions-legales\/\" \/>\n<meta property=\"og:site_name\" content=\"focus93\" \/>\n<meta property=\"article:modified_time\" content=\"2025-05-06T10:39:36+00:00\" \/>\n<meta name=\"twitter:card\" content=\"summary_large_image\" \/>\n<meta name=\"twitter:label1\" content=\"Dur\u00e9e de lecture estim\u00e9e\" \/>\n\t<meta name=\"twitter:data1\" content=\"1 minute\" \/>\n<script type=\"application\/ld+json\" class=\"yoast-schema-graph\">{\"@context\":\"https:\\\/\\\/schema.org\",\"@graph\":[{\"@type\":\"WebPage\",\"@id\":\"https:\\\/\\\/focus93.ch\\\/fr\\\/contact\\\/mentions-legales\\\/\",\"url\":\"https:\\\/\\\/focus93.ch\\\/fr\\\/contact\\\/mentions-legales\\\/\",\"name\":\"Mentions l\u00e9gales - focus93\",\"isPartOf\":{\"@id\":\"https:\\\/\\\/focus93.ch\\\/fr\\\/#website\"},\"datePublished\":\"2022-12-13T10:33:38+00:00\",\"dateModified\":\"2025-05-06T10:39:36+00:00\",\"breadcrumb\":{\"@id\":\"https:\\\/\\\/focus93.ch\\\/fr\\\/contact\\\/mentions-legales\\\/#breadcrumb\"},\"inLanguage\":\"fr-FR\",\"potentialAction\":[{\"@type\":\"ReadAction\",\"target\":[\"https:\\\/\\\/focus93.ch\\\/fr\\\/contact\\\/mentions-legales\\\/\"]}]},{\"@type\":\"BreadcrumbList\",\"@id\":\"https:\\\/\\\/focus93.ch\\\/fr\\\/contact\\\/mentions-legales\\\/#breadcrumb\",\"itemListElement\":[{\"@type\":\"ListItem\",\"position\":1,\"name\":\"Startseite\",\"item\":\"https:\\\/\\\/focus93.ch\\\/fr\\\/\"},{\"@type\":\"ListItem\",\"position\":2,\"name\":\"Contact\",\"item\":\"https:\\\/\\\/focus93.ch\\\/fr\\\/contact\\\/\"},{\"@type\":\"ListItem\",\"position\":3,\"name\":\"Mentions l\u00e9gales\"}]},{\"@type\":\"WebSite\",\"@id\":\"https:\\\/\\\/focus93.ch\\\/fr\\\/#website\",\"url\":\"https:\\\/\\\/focus93.ch\\\/fr\\\/\",\"name\":\"focus93\",\"description\":\"Neutrale Verzollung\",\"publisher\":{\"@id\":\"https:\\\/\\\/focus93.ch\\\/fr\\\/#organization\"},\"potentialAction\":[{\"@type\":\"SearchAction\",\"target\":{\"@type\":\"EntryPoint\",\"urlTemplate\":\"https:\\\/\\\/focus93.ch\\\/fr\\\/?s={search_term_string}\"},\"query-input\":{\"@type\":\"PropertyValueSpecification\",\"valueRequired\":true,\"valueName\":\"search_term_string\"}}],\"inLanguage\":\"fr-FR\"},{\"@type\":\"Organization\",\"@id\":\"https:\\\/\\\/focus93.ch\\\/fr\\\/#organization\",\"name\":\"Focus 93 GmbH\",\"url\":\"https:\\\/\\\/focus93.ch\\\/fr\\\/\",\"logo\":{\"@type\":\"ImageObject\",\"inLanguage\":\"fr-FR\",\"@id\":\"https:\\\/\\\/focus93.ch\\\/fr\\\/#\\\/schema\\\/logo\\\/image\\\/\",\"url\":\"https:\\\/\\\/focus93.ch\\\/wp-content\\\/uploads\\\/2023\\\/12\\\/Focus93-Logo.svg\",\"contentUrl\":\"https:\\\/\\\/focus93.ch\\\/wp-content\\\/uploads\\\/2023\\\/12\\\/Focus93-Logo.svg\",\"width\":137,\"height\":75,\"caption\":\"Focus 93 GmbH\"},\"image\":{\"@id\":\"https:\\\/\\\/focus93.ch\\\/fr\\\/#\\\/schema\\\/logo\\\/image\\\/\"}}]}<\/script>\n<!-- \/ Yoast SEO plugin. -->","yoast_head_json":{"title":"Mentions l\u00e9gales - focus93","robots":{"index":"index","follow":"follow","max-snippet":"max-snippet:-1","max-image-preview":"max-image-preview:large","max-video-preview":"max-video-preview:-1"},"canonical":"https:\/\/focus93.ch\/fr\/contact\/mentions-legales\/","og_locale":"fr_FR","og_type":"article","og_title":"Mentions l\u00e9gales - focus93","og_description":"Mentions l\u00e9gales Informations selon \u00a7 5 TMG Focus 93 GmbHNeudorfstrasse 91CH-4056 Basel+41 61 639 91 80info@focus93.ch Registre du commerce:Kanton Basel Stadt Contact Tel: +41 61 639 91 80 70E-Mail: info@focus93.ch Num\u00e9ro de TVA Num\u00e9ro d&rsquo;identification sur l&rsquo;imp\u00f4t sur le chiffre d&rsquo;affaires conform\u00e9ment \u00e0 l&rsquo;article 27 a de la loi sur le chiffre d&rsquo;affaires :CHE-106.097.903 Responsable [&hellip;]","og_url":"https:\/\/focus93.ch\/fr\/contact\/mentions-legales\/","og_site_name":"focus93","article_modified_time":"2025-05-06T10:39:36+00:00","twitter_card":"summary_large_image","twitter_misc":{"Dur\u00e9e de lecture estim\u00e9e":"1 minute"},"schema":{"@context":"https:\/\/schema.org","@graph":[{"@type":"WebPage","@id":"https:\/\/focus93.ch\/fr\/contact\/mentions-legales\/","url":"https:\/\/focus93.ch\/fr\/contact\/mentions-legales\/","name":"Mentions l\u00e9gales - focus93","isPartOf":{"@id":"https:\/\/focus93.ch\/fr\/#website"},"datePublished":"2022-12-13T10:33:38+00:00","dateModified":"2025-05-06T10:39:36+00:00","breadcrumb":{"@id":"https:\/\/focus93.ch\/fr\/contact\/mentions-legales\/#breadcrumb"},"inLanguage":"fr-FR","potentialAction":[{"@type":"ReadAction","target":["https:\/\/focus93.ch\/fr\/contact\/mentions-legales\/"]}]},{"@type":"BreadcrumbList","@id":"https:\/\/focus93.ch\/fr\/contact\/mentions-legales\/#breadcrumb","itemListElement":[{"@type":"ListItem","position":1,"name":"Startseite","item":"https:\/\/focus93.ch\/fr\/"},{"@type":"ListItem","position":2,"name":"Contact","item":"https:\/\/focus93.ch\/fr\/contact\/"},{"@type":"ListItem","position":3,"name":"Mentions l\u00e9gales"}]},{"@type":"WebSite","@id":"https:\/\/focus93.ch\/fr\/#website","url":"https:\/\/focus93.ch\/fr\/","name":"focus93","description":"Neutrale Verzollung","publisher":{"@id":"https:\/\/focus93.ch\/fr\/#organization"},"potentialAction":[{"@type":"SearchAction","target":{"@type":"EntryPoint","urlTemplate":"https:\/\/focus93.ch\/fr\/?s={search_term_string}"},"query-input":{"@type":"PropertyValueSpecification","valueRequired":true,"valueName":"search_term_string"}}],"inLanguage":"fr-FR"},{"@type":"Organization","@id":"https:\/\/focus93.ch\/fr\/#organization","name":"Focus 93 GmbH","url":"https:\/\/focus93.ch\/fr\/","logo":{"@type":"ImageObject","inLanguage":"fr-FR","@id":"https:\/\/focus93.ch\/fr\/#\/schema\/logo\/image\/","url":"https:\/\/focus93.ch\/wp-content\/uploads\/2023\/12\/Focus93-Logo.svg","contentUrl":"https:\/\/focus93.ch\/wp-content\/uploads\/2023\/12\/Focus93-Logo.svg","width":137,"height":75,"caption":"Focus 93 GmbH"},"image":{"@id":"https:\/\/focus93.ch\/fr\/#\/schema\/logo\/image\/"}}]}},"_links":{"self":[{"href":"https:\/\/focus93.ch\/fr\/wp-json\/wp\/v2\/pages\/3440","targetHints":{"allow":["GET"]}}],"collection":[{"href":"https:\/\/focus93.ch\/fr\/wp-json\/wp\/v2\/pages"}],"about":[{"href":"https:\/\/focus93.ch\/fr\/wp-json\/wp\/v2\/types\/page"}],"author":[{"embeddable":true,"href":"https:\/\/focus93.ch\/fr\/wp-json\/wp\/v2\/users\/2"}],"replies":[{"embeddable":true,"href":"https:\/\/focus93.ch\/fr\/wp-json\/wp\/v2\/comments?post=3440"}],"version-history":[{"count":5,"href":"https:\/\/focus93.ch\/fr\/wp-json\/wp\/v2\/pages\/3440\/revisions"}],"predecessor-version":[{"id":4205,"href":"https:\/\/focus93.ch\/fr\/wp-json\/wp\/v2\/pages\/3440\/revisions\/4205"}],"up":[{"embeddable":true,"href":"https:\/\/focus93.ch\/fr\/wp-json\/wp\/v2\/pages\/3253"}],"wp:attachment":[{"href":"https:\/\/focus93.ch\/fr\/wp-json\/wp\/v2\/media?parent=3440"}],"curies":[{"name":"wp","href":"https:\/\/api.w.org\/{rel}","templated":true}]}}