{"id":3356,"date":"2024-11-08T14:16:17","date_gmt":"2024-11-08T13:16:17","guid":{"rendered":"https:\/\/focus93.ch\/carriere\/"},"modified":"2024-12-11T07:47:01","modified_gmt":"2024-12-11T06:47:01","slug":"carriere","status":"publish","type":"page","link":"https:\/\/focus93.ch\/fr\/carriere\/","title":{"rendered":"Carri\u00e8re"},"content":{"rendered":"\t\t<div data-elementor-type=\"wp-page\" data-elementor-id=\"3356\" class=\"elementor elementor-3356 elementor-2501\" data-elementor-post-type=\"page\">\n\t\t\t\t\t\t<section class=\"elementor-section elementor-top-section elementor-element elementor-element-6c7f8418 elementor-section-content-middle elementor-section-height-min-height elementor-section-boxed elementor-section-height-default elementor-section-items-middle\" data-id=\"6c7f8418\" data-element_type=\"section\" data-e-type=\"section\" data-settings=\"{&quot;background_background&quot;:&quot;classic&quot;,&quot;background_motion_fx_motion_fx_scrolling&quot;:&quot;yes&quot;,&quot;background_motion_fx_scale_effect&quot;:&quot;yes&quot;,&quot;background_motion_fx_scale_direction&quot;:&quot;out-in&quot;,&quot;background_motion_fx_scale_speed&quot;:{&quot;unit&quot;:&quot;px&quot;,&quot;size&quot;:4,&quot;sizes&quot;:[]},&quot;background_motion_fx_scale_range&quot;:{&quot;unit&quot;:&quot;%&quot;,&quot;size&quot;:&quot;&quot;,&quot;sizes&quot;:{&quot;start&quot;:20,&quot;end&quot;:80}},&quot;background_motion_fx_devices&quot;:[&quot;desktop&quot;,&quot;tablet&quot;,&quot;mobile&quot;]}\">\n\t\t\t\t\t\t\t<div class=\"elementor-background-overlay\"><\/div>\n\t\t\t\t\t\t\t<div class=\"elementor-container elementor-column-gap-default\">\n\t\t\t\t\t<div class=\"elementor-column elementor-col-100 elementor-top-column elementor-element elementor-element-240dd4b6\" data-id=\"240dd4b6\" data-element_type=\"column\" data-e-type=\"column\" data-settings=\"{&quot;background_background&quot;:&quot;classic&quot;}\">\n\t\t\t<div class=\"elementor-widget-wrap elementor-element-populated\">\n\t\t\t\t\t<div class=\"elementor-background-overlay\"><\/div>\n\t\t\t\t\t\t<div class=\"elementor-element elementor-element-366d795 elementor-widget elementor-widget-image\" data-id=\"366d795\" data-element_type=\"widget\" data-e-type=\"widget\" data-widget_type=\"image.default\">\n\t\t\t\t<div class=\"elementor-widget-container\">\n\t\t\t\t\t\t\t\t\t\t\t\t\t\t\t<img decoding=\"async\" width=\"300\" height=\"55\" src=\"https:\/\/focus93.ch\/wp-content\/uploads\/2024\/11\/focus93-logo-300x55.png\" class=\"attachment-medium size-medium wp-image-3046\" alt=\"FOCUS 93\" srcset=\"https:\/\/focus93.ch\/wp-content\/uploads\/2024\/11\/focus93-logo-300x55.png 300w, https:\/\/focus93.ch\/wp-content\/uploads\/2024\/11\/focus93-logo-768x141.png 768w, https:\/\/focus93.ch\/wp-content\/uploads\/2024\/11\/focus93-logo.png 825w\" sizes=\"(max-width: 300px) 100vw, 300px\" \/>\t\t\t\t\t\t\t\t\t\t\t\t\t\t\t<\/div>\n\t\t\t\t<\/div>\n\t\t\t\t<div class=\"elementor-element elementor-element-59ef1af8 elementor-widget elementor-widget-heading\" data-id=\"59ef1af8\" data-element_type=\"widget\" data-e-type=\"widget\" data-widget_type=\"heading.default\">\n\t\t\t\t<div class=\"elementor-widget-container\">\n\t\t\t\t\t<h1 class=\"elementor-heading-title elementor-size-default\">Votre carri\u00e8re professionnelle chez nous<\/h1>\t\t\t\t<\/div>\n\t\t\t\t<\/div>\n\t\t\t\t<div class=\"elementor-element elementor-element-3611037c elementor-widget elementor-widget-button\" data-id=\"3611037c\" data-element_type=\"widget\" data-e-type=\"widget\" data-widget_type=\"button.default\">\n\t\t\t\t<div class=\"elementor-widget-container\">\n\t\t\t\t\t\t\t\t\t<div class=\"elementor-button-wrapper\">\n\t\t\t\t\t<a class=\"elementor-button elementor-button-link elementor-size-sm\" href=\"https:\/\/focus93.ch\/fr\/carriere\/application\/\">\n\t\t\t\t\t\t<span class=\"elementor-button-content-wrapper\">\n\t\t\t\t\t\t\t\t\t<span class=\"elementor-button-text\">Postulez maintenant<\/span>\n\t\t\t\t\t<\/span>\n\t\t\t\t\t<\/a>\n\t\t\t\t<\/div>\n\t\t\t\t\t\t\t\t<\/div>\n\t\t\t\t<\/div>\n\t\t\t\t\t<\/div>\n\t\t<\/div>\n\t\t\t\t\t<\/div>\n\t\t<\/section>\n\t\t<div class=\"elementor-element elementor-element-7fa883a3 e-flex e-con-boxed e-con e-parent\" data-id=\"7fa883a3\" data-element_type=\"container\" data-e-type=\"container\">\n\t\t\t\t\t<div class=\"e-con-inner\">\n\t\t<div class=\"elementor-element elementor-element-2a560f40 e-con-full e-flex e-con e-child\" data-id=\"2a560f40\" data-element_type=\"container\" data-e-type=\"container\">\n\t\t\t\t<div class=\"elementor-element elementor-element-292f7586 elementor-widget elementor-widget-heading\" data-id=\"292f7586\" data-element_type=\"widget\" data-e-type=\"widget\" data-widget_type=\"heading.default\">\n\t\t\t\t<div class=\"elementor-widget-container\">\n\t\t\t\t\t<h2 class=\"elementor-heading-title elementor-size-default\">Depuis plus de 30 ans, nous sommes la r\u00e9f\u00e9rence dans le secteur des services douaniers.<\/h2>\t\t\t\t<\/div>\n\t\t\t\t<\/div>\n\t\t\t\t<div class=\"elementor-element elementor-element-33fdf52 elementor-widget elementor-widget-text-editor\" data-id=\"33fdf52\" data-element_type=\"widget\" data-e-type=\"widget\" data-widget_type=\"text-editor.default\">\n\t\t\t\t<div class=\"elementor-widget-container\">\n\t\t\t\t\t\t\t\t\t<p><strong>Notre succ\u00e8s repose sur l&rsquo;engagement et l&rsquo;expertise de nos collaborateurs, qui rel\u00e8vent chaque jour de nouveaux d\u00e9fis et d\u00e9veloppent des solutions innovantes pour nos clients. <\/strong><\/p>\n<p><strong>Sur nos nombreux sites aux fronti\u00e8res de la Suisse, nous cr\u00e9ons un environnement dans lequel les talents peuvent grandir et se d\u00e9velopper.<\/strong><\/p>\n\t\t\t\t\t\t\t\t<\/div>\n\t\t\t\t<\/div>\n\t\t\t\t<div class=\"elementor-element elementor-element-1bc3aff elementor-widget elementor-widget-button\" data-id=\"1bc3aff\" data-element_type=\"widget\" data-e-type=\"widget\" data-widget_type=\"button.default\">\n\t\t\t\t<div class=\"elementor-widget-container\">\n\t\t\t\t\t\t\t\t\t<div class=\"elementor-button-wrapper\">\n\t\t\t\t\t<a class=\"elementor-button elementor-button-link elementor-size-sm\" href=\"https:\/\/focus93.ch\/fr\/carriere\/application\/\">\n\t\t\t\t\t\t<span class=\"elementor-button-content-wrapper\">\n\t\t\t\t\t\t\t\t\t<span class=\"elementor-button-text\"><span style=\"font-size: 17.6px\">Postulez maintenant<\/span><\/span>\n\t\t\t\t\t<\/span>\n\t\t\t\t\t<\/a>\n\t\t\t\t<\/div>\n\t\t\t\t\t\t\t\t<\/div>\n\t\t\t\t<\/div>\n\t\t\t\t<\/div>\n\t\t\t\t\t<\/div>\n\t\t\t\t<\/div>\n\t\t<div class=\"elementor-element elementor-element-9ebce00 e-flex e-con-boxed e-con e-parent\" data-id=\"9ebce00\" data-element_type=\"container\" data-e-type=\"container\">\n\t\t\t\t\t<div class=\"e-con-inner\">\n\t\t\t\t<div class=\"elementor-element elementor-element-c25659d elementor-widget elementor-widget-spacer\" data-id=\"c25659d\" data-element_type=\"widget\" data-e-type=\"widget\" data-widget_type=\"spacer.default\">\n\t\t\t\t<div class=\"elementor-widget-container\">\n\t\t\t\t\t\t\t<div class=\"elementor-spacer\">\n\t\t\t<div class=\"elementor-spacer-inner\"><\/div>\n\t\t<\/div>\n\t\t\t\t\t\t<\/div>\n\t\t\t\t<\/div>\n\t\t\t\t\t<\/div>\n\t\t\t\t<\/div>\n\t\t\t\t<\/div>\n\t\t","protected":false},"excerpt":{"rendered":"<p>Votre carri\u00e8re professionnelle chez nous Postulez maintenant Depuis plus de 30 ans, nous sommes la r\u00e9f\u00e9rence dans le secteur des services douaniers. Notre succ\u00e8s repose sur l&rsquo;engagement et l&rsquo;expertise de nos collaborateurs, qui rel\u00e8vent chaque jour de nouveaux d\u00e9fis et d\u00e9veloppent des solutions innovantes pour nos clients. Sur nos nombreux sites aux fronti\u00e8res de la [&hellip;]<\/p>\n","protected":false},"author":5,"featured_media":0,"parent":0,"menu_order":2,"comment_status":"closed","ping_status":"closed","template":"","meta":{"footnotes":""},"class_list":["post-3356","page","type-page","status-publish","hentry"],"yoast_head":"<!-- This site is optimized with the Yoast SEO plugin v27.4 - https:\/\/yoast.com\/product\/yoast-seo-wordpress\/ -->\n<title>Carri\u00e8re - focus93<\/title>\n<meta name=\"robots\" content=\"index, follow, max-snippet:-1, max-image-preview:large, max-video-preview:-1\" \/>\n<link rel=\"canonical\" href=\"https:\/\/focus93.ch\/fr\/carriere\/\" \/>\n<meta property=\"og:locale\" content=\"fr_FR\" \/>\n<meta property=\"og:type\" content=\"article\" \/>\n<meta property=\"og:title\" content=\"Carri\u00e8re - focus93\" \/>\n<meta property=\"og:description\" content=\"Votre carri\u00e8re professionnelle chez nous Postulez maintenant Depuis plus de 30 ans, nous sommes la r\u00e9f\u00e9rence dans le secteur des services douaniers. Notre succ\u00e8s repose sur l&rsquo;engagement et l&rsquo;expertise de nos collaborateurs, qui rel\u00e8vent chaque jour de nouveaux d\u00e9fis et d\u00e9veloppent des solutions innovantes pour nos clients. Sur nos nombreux sites aux fronti\u00e8res de la [&hellip;]\" \/>\n<meta property=\"og:url\" content=\"https:\/\/focus93.ch\/fr\/carriere\/\" \/>\n<meta property=\"og:site_name\" content=\"focus93\" \/>\n<meta property=\"article:modified_time\" content=\"2024-12-11T06:47:01+00:00\" \/>\n<meta property=\"og:image\" content=\"https:\/\/focus93.ch\/wp-content\/uploads\/2024\/11\/focus93-logo.png\" \/>\n\t<meta property=\"og:image:width\" content=\"825\" \/>\n\t<meta property=\"og:image:height\" content=\"151\" \/>\n\t<meta property=\"og:image:type\" content=\"image\/png\" \/>\n<meta name=\"twitter:card\" content=\"summary_large_image\" \/>\n<meta name=\"twitter:label1\" content=\"Dur\u00e9e de lecture estim\u00e9e\" \/>\n\t<meta name=\"twitter:data1\" content=\"1 minute\" \/>\n<script type=\"application\/ld+json\" class=\"yoast-schema-graph\">{\"@context\":\"https:\\\/\\\/schema.org\",\"@graph\":[{\"@type\":\"WebPage\",\"@id\":\"https:\\\/\\\/focus93.ch\\\/fr\\\/carriere\\\/\",\"url\":\"https:\\\/\\\/focus93.ch\\\/fr\\\/carriere\\\/\",\"name\":\"Carri\u00e8re - focus93\",\"isPartOf\":{\"@id\":\"https:\\\/\\\/focus93.ch\\\/fr\\\/#website\"},\"primaryImageOfPage\":{\"@id\":\"https:\\\/\\\/focus93.ch\\\/fr\\\/carriere\\\/#primaryimage\"},\"image\":{\"@id\":\"https:\\\/\\\/focus93.ch\\\/fr\\\/carriere\\\/#primaryimage\"},\"thumbnailUrl\":\"https:\\\/\\\/focus93.ch\\\/wp-content\\\/uploads\\\/2024\\\/11\\\/focus93-logo-300x55.png\",\"datePublished\":\"2024-11-08T13:16:17+00:00\",\"dateModified\":\"2024-12-11T06:47:01+00:00\",\"breadcrumb\":{\"@id\":\"https:\\\/\\\/focus93.ch\\\/fr\\\/carriere\\\/#breadcrumb\"},\"inLanguage\":\"fr-FR\",\"potentialAction\":[{\"@type\":\"ReadAction\",\"target\":[\"https:\\\/\\\/focus93.ch\\\/fr\\\/carriere\\\/\"]}]},{\"@type\":\"ImageObject\",\"inLanguage\":\"fr-FR\",\"@id\":\"https:\\\/\\\/focus93.ch\\\/fr\\\/carriere\\\/#primaryimage\",\"url\":\"https:\\\/\\\/focus93.ch\\\/wp-content\\\/uploads\\\/2024\\\/11\\\/focus93-logo-300x55.png\",\"contentUrl\":\"https:\\\/\\\/focus93.ch\\\/wp-content\\\/uploads\\\/2024\\\/11\\\/focus93-logo-300x55.png\"},{\"@type\":\"BreadcrumbList\",\"@id\":\"https:\\\/\\\/focus93.ch\\\/fr\\\/carriere\\\/#breadcrumb\",\"itemListElement\":[{\"@type\":\"ListItem\",\"position\":1,\"name\":\"Startseite\",\"item\":\"https:\\\/\\\/focus93.ch\\\/fr\\\/\"},{\"@type\":\"ListItem\",\"position\":2,\"name\":\"Carri\u00e8re\"}]},{\"@type\":\"WebSite\",\"@id\":\"https:\\\/\\\/focus93.ch\\\/fr\\\/#website\",\"url\":\"https:\\\/\\\/focus93.ch\\\/fr\\\/\",\"name\":\"focus93\",\"description\":\"Neutrale Verzollung\",\"publisher\":{\"@id\":\"https:\\\/\\\/focus93.ch\\\/fr\\\/#organization\"},\"potentialAction\":[{\"@type\":\"SearchAction\",\"target\":{\"@type\":\"EntryPoint\",\"urlTemplate\":\"https:\\\/\\\/focus93.ch\\\/fr\\\/?s={search_term_string}\"},\"query-input\":{\"@type\":\"PropertyValueSpecification\",\"valueRequired\":true,\"valueName\":\"search_term_string\"}}],\"inLanguage\":\"fr-FR\"},{\"@type\":\"Organization\",\"@id\":\"https:\\\/\\\/focus93.ch\\\/fr\\\/#organization\",\"name\":\"Focus 93 GmbH\",\"url\":\"https:\\\/\\\/focus93.ch\\\/fr\\\/\",\"logo\":{\"@type\":\"ImageObject\",\"inLanguage\":\"fr-FR\",\"@id\":\"https:\\\/\\\/focus93.ch\\\/fr\\\/#\\\/schema\\\/logo\\\/image\\\/\",\"url\":\"https:\\\/\\\/focus93.ch\\\/wp-content\\\/uploads\\\/2023\\\/12\\\/Focus93-Logo.svg\",\"contentUrl\":\"https:\\\/\\\/focus93.ch\\\/wp-content\\\/uploads\\\/2023\\\/12\\\/Focus93-Logo.svg\",\"width\":137,\"height\":75,\"caption\":\"Focus 93 GmbH\"},\"image\":{\"@id\":\"https:\\\/\\\/focus93.ch\\\/fr\\\/#\\\/schema\\\/logo\\\/image\\\/\"}}]}<\/script>\n<!-- \/ Yoast SEO plugin. -->","yoast_head_json":{"title":"Carri\u00e8re - focus93","robots":{"index":"index","follow":"follow","max-snippet":"max-snippet:-1","max-image-preview":"max-image-preview:large","max-video-preview":"max-video-preview:-1"},"canonical":"https:\/\/focus93.ch\/fr\/carriere\/","og_locale":"fr_FR","og_type":"article","og_title":"Carri\u00e8re - focus93","og_description":"Votre carri\u00e8re professionnelle chez nous Postulez maintenant Depuis plus de 30 ans, nous sommes la r\u00e9f\u00e9rence dans le secteur des services douaniers. Notre succ\u00e8s repose sur l&rsquo;engagement et l&rsquo;expertise de nos collaborateurs, qui rel\u00e8vent chaque jour de nouveaux d\u00e9fis et d\u00e9veloppent des solutions innovantes pour nos clients. Sur nos nombreux sites aux fronti\u00e8res de la [&hellip;]","og_url":"https:\/\/focus93.ch\/fr\/carriere\/","og_site_name":"focus93","article_modified_time":"2024-12-11T06:47:01+00:00","og_image":[{"width":825,"height":151,"url":"https:\/\/focus93.ch\/wp-content\/uploads\/2024\/11\/focus93-logo.png","type":"image\/png"}],"twitter_card":"summary_large_image","twitter_misc":{"Dur\u00e9e de lecture estim\u00e9e":"1 minute"},"schema":{"@context":"https:\/\/schema.org","@graph":[{"@type":"WebPage","@id":"https:\/\/focus93.ch\/fr\/carriere\/","url":"https:\/\/focus93.ch\/fr\/carriere\/","name":"Carri\u00e8re - focus93","isPartOf":{"@id":"https:\/\/focus93.ch\/fr\/#website"},"primaryImageOfPage":{"@id":"https:\/\/focus93.ch\/fr\/carriere\/#primaryimage"},"image":{"@id":"https:\/\/focus93.ch\/fr\/carriere\/#primaryimage"},"thumbnailUrl":"https:\/\/focus93.ch\/wp-content\/uploads\/2024\/11\/focus93-logo-300x55.png","datePublished":"2024-11-08T13:16:17+00:00","dateModified":"2024-12-11T06:47:01+00:00","breadcrumb":{"@id":"https:\/\/focus93.ch\/fr\/carriere\/#breadcrumb"},"inLanguage":"fr-FR","potentialAction":[{"@type":"ReadAction","target":["https:\/\/focus93.ch\/fr\/carriere\/"]}]},{"@type":"ImageObject","inLanguage":"fr-FR","@id":"https:\/\/focus93.ch\/fr\/carriere\/#primaryimage","url":"https:\/\/focus93.ch\/wp-content\/uploads\/2024\/11\/focus93-logo-300x55.png","contentUrl":"https:\/\/focus93.ch\/wp-content\/uploads\/2024\/11\/focus93-logo-300x55.png"},{"@type":"BreadcrumbList","@id":"https:\/\/focus93.ch\/fr\/carriere\/#breadcrumb","itemListElement":[{"@type":"ListItem","position":1,"name":"Startseite","item":"https:\/\/focus93.ch\/fr\/"},{"@type":"ListItem","position":2,"name":"Carri\u00e8re"}]},{"@type":"WebSite","@id":"https:\/\/focus93.ch\/fr\/#website","url":"https:\/\/focus93.ch\/fr\/","name":"focus93","description":"Neutrale Verzollung","publisher":{"@id":"https:\/\/focus93.ch\/fr\/#organization"},"potentialAction":[{"@type":"SearchAction","target":{"@type":"EntryPoint","urlTemplate":"https:\/\/focus93.ch\/fr\/?s={search_term_string}"},"query-input":{"@type":"PropertyValueSpecification","valueRequired":true,"valueName":"search_term_string"}}],"inLanguage":"fr-FR"},{"@type":"Organization","@id":"https:\/\/focus93.ch\/fr\/#organization","name":"Focus 93 GmbH","url":"https:\/\/focus93.ch\/fr\/","logo":{"@type":"ImageObject","inLanguage":"fr-FR","@id":"https:\/\/focus93.ch\/fr\/#\/schema\/logo\/image\/","url":"https:\/\/focus93.ch\/wp-content\/uploads\/2023\/12\/Focus93-Logo.svg","contentUrl":"https:\/\/focus93.ch\/wp-content\/uploads\/2023\/12\/Focus93-Logo.svg","width":137,"height":75,"caption":"Focus 93 GmbH"},"image":{"@id":"https:\/\/focus93.ch\/fr\/#\/schema\/logo\/image\/"}}]}},"_links":{"self":[{"href":"https:\/\/focus93.ch\/fr\/wp-json\/wp\/v2\/pages\/3356","targetHints":{"allow":["GET"]}}],"collection":[{"href":"https:\/\/focus93.ch\/fr\/wp-json\/wp\/v2\/pages"}],"about":[{"href":"https:\/\/focus93.ch\/fr\/wp-json\/wp\/v2\/types\/page"}],"author":[{"embeddable":true,"href":"https:\/\/focus93.ch\/fr\/wp-json\/wp\/v2\/users\/5"}],"replies":[{"embeddable":true,"href":"https:\/\/focus93.ch\/fr\/wp-json\/wp\/v2\/comments?post=3356"}],"version-history":[{"count":5,"href":"https:\/\/focus93.ch\/fr\/wp-json\/wp\/v2\/pages\/3356\/revisions"}],"predecessor-version":[{"id":3990,"href":"https:\/\/focus93.ch\/fr\/wp-json\/wp\/v2\/pages\/3356\/revisions\/3990"}],"wp:attachment":[{"href":"https:\/\/focus93.ch\/fr\/wp-json\/wp\/v2\/media?parent=3356"}],"curies":[{"name":"wp","href":"https:\/\/api.w.org\/{rel}","templated":true}]}}